{"id":2,"date":"2016-12-23T22:17:37","date_gmt":"2016-12-23T22:17:37","guid":{"rendered":"https:\/\/blixtv.com\/apps\/?page_id=2"},"modified":"2020-01-10T18:19:38","modified_gmt":"2020-01-10T23:19:38","slug":"sin-publicidad","status":"publish","type":"page","link":"https:\/\/blixtv.com\/apps\/","title":{"rendered":"BlixTv Sin Publicidad en la P\u00e1gina"},"content":{"rendered":"<div id=\"fb-root\"><\/div>\n<h3 style=\"text-align: center;\">\"<span style=\"color: #ffffff;\">Pensamos en los usuarios que desean un sitio sin publicidad en la p\u00e1gina web, por ellos creamos esta secci\u00f3n de suscripci\u00f3n para que puedan disfrutar de los contenidos del sitio sin los molestos Anuncios.<\/span>\"<\/h3>\r\n<h3 style=\"text-align: center;\"><a href=\"https:\/\/blixtv.com\/apps\/membresia-blixtv\"><img decoding=\"async\" class=\"alignnone wp-image-181\" src=\"http:\/\/blixtv.com\/apps\/wp-content\/uploads\/2016\/12\/registro.png\" width=\"202\" height=\"202\" srcset=\"https:\/\/blixtv.com\/apps\/wp-content\/uploads\/2016\/12\/registro.png 250w, https:\/\/blixtv.com\/apps\/wp-content\/uploads\/2016\/12\/registro-150x150.png 150w\" sizes=\"(max-width: 202px) 100vw, 202px\" \/><\/a>\u00a0 \u00a0<a href=\"https:\/\/blixtv.com\/apps\/wp-login.php\"><img decoding=\"async\" class=\"wp-image-182 alignnone\" src=\"http:\/\/blixtv.com\/apps\/wp-content\/uploads\/2016\/12\/login.png\" alt=\"\" width=\"200\" height=\"200\" srcset=\"https:\/\/blixtv.com\/apps\/wp-content\/uploads\/2016\/12\/login.png 250w, https:\/\/blixtv.com\/apps\/wp-content\/uploads\/2016\/12\/login-150x150.png 150w\" sizes=\"(max-width: 200px) 100vw, 200px\" \/><\/a>\u00a0 <span style=\"color: #000000;\">.<\/span><\/h3>\r\n<h5 style=\"text-align: center;\">Disfruta del Contenido de BlixTv sin Publicidad en la p\u00e1gina ni durante los canales, este Contenido esta disponible para Usuarios que Realicen una Suscripci\u00f3n mensual a nuestro contenido sin publicidad, con acceso a dispositivos moviles, PC, y Smart Tv<\/h5>\r\n<a href=\"https:\/\/blixtv.com\/apps\/demo.htm\"><img decoding=\"async\" class=\" wp-image-262 aligncenter\" src=\"http:\/\/blixtv.com\/apps\/wp-content\/uploads\/2016\/12\/live-demo.png\" alt=\"\" width=\"236\" height=\"92\" srcset=\"https:\/\/blixtv.com\/apps\/wp-content\/uploads\/2016\/12\/live-demo.png 315w, https:\/\/blixtv.com\/apps\/wp-content\/uploads\/2016\/12\/live-demo-300x117.png 300w\" sizes=\"(max-width: 236px) 100vw, 236px\" \/><\/a>\r\n<h4 style=\"text-align: center;\">Nota: Este sitio web comparte contenido que esta disponible en la red, la suscripci\u00f3n es solo por eliminar el contenido (ads) que suele ser molesto a los usuarios al navegar por paginas webs.<\/h4>","protected":false},"excerpt":{"rendered":"\u00abPensamos en los usuarios que desean un sitio sin publicidad en la p\u00e1gina web, por ellos creamos esta secci\u00f3n de suscripci\u00f3n para que puedan disfrutar de los contenidos del sitio sin los molestos Anuncios.\u00bb \u00a0 \u00a0\u00a0 . Disfruta del Contenido de BlixTv sin Publicidad en la p\u00e1gina ni durante los canales, este Contenido esta disponible para Usuarios que Realicen una Suscripci\u00f3n mensual a nuestro contenido sin publicidad, con acceso a dispositivos moviles, PC, y Smart Tv Nota: Este sitio web comparte contenido que esta disponible en la red, la suscripci\u00f3n&#8230;","protected":false},"author":1,"featured_media":0,"parent":0,"menu_order":0,"comment_status":"open","ping_status":"open","template":"","meta":[],"_links":{"self":[{"href":"https:\/\/blixtv.com\/apps\/wp-json\/wp\/v2\/pages\/2"}],"collection":[{"href":"https:\/\/blixtv.com\/apps\/wp-json\/wp\/v2\/pages"}],"about":[{"href":"https:\/\/blixtv.com\/apps\/wp-json\/wp\/v2\/types\/page"}],"author":[{"embeddable":true,"href":"https:\/\/blixtv.com\/apps\/wp-json\/wp\/v2\/users\/1"}],"replies":[{"embeddable":true,"href":"https:\/\/blixtv.com\/apps\/wp-json\/wp\/v2\/comments?post=2"}],"version-history":[{"count":21,"href":"https:\/\/blixtv.com\/apps\/wp-json\/wp\/v2\/pages\/2\/revisions"}],"predecessor-version":[{"id":426,"href":"https:\/\/blixtv.com\/apps\/wp-json\/wp\/v2\/pages\/2\/revisions\/426"}],"wp:attachment":[{"href":"https:\/\/blixtv.com\/apps\/wp-json\/wp\/v2\/media?parent=2"}],"curies":[{"name":"wp","href":"https:\/\/api.w.org\/{rel}","templated":true}]}}