{"id":279,"date":"2017-03-14T15:00:49","date_gmt":"2017-03-14T20:00:49","guid":{"rendered":"https:\/\/blixtv.com\/apps\/?page_id=279"},"modified":"2017-03-14T15:00:49","modified_gmt":"2017-03-14T20:00:49","slug":"politica-de-privacidad","status":"publish","type":"page","link":"https:\/\/blixtv.com\/apps\/politica-de-privacidad","title":{"rendered":"Pol\u00edtica de Privacidad"},"content":{"rendered":"<div id=\"fb-root\"><\/div>\n<div class=\"layout-wrapper layout-flex\">\r\n<div id=\"privacy-policy\" class=\"layout-print_letter__container\">\r\n<h3 style=\"text-align: center;\"><span class=\"editable\" contenteditable=\"true\" data-placeholder=\"Nombre\" data-content-id=\"name\">BlixTv<\/span> Pol\u00edtica de privacidad<\/h3>\r\n<h3>Lo que hacemos con tu informaci\u00f3n<\/h3>\r\n<ol>\r\n \t<li>El t\u00e9rmino \u201cinformaci\u00f3n personal\u201d como es usado aqu\u00ed, es definido como cualquier informaci\u00f3n que identifique o que pueda ser usada para identificar, contactar o localizar a la persona a la que la informaci\u00f3n pertenece. La informaci\u00f3n personal que recolectamos estar\u00e1 sujeta a esta pol\u00edtica de privacidad, y ser\u00e1 modificada cada cierto tiempo.<\/li>\r\n \t<li>Cuando te registras por <span class=\"editable\" contenteditable=\"true\" data-placeholder=\"Nombre\" data-content-id=\"name\">BlixTv<\/span> pedimos tu direcci\u00f3n de correo electr\u00f3nico.<\/li>\r\n \t<li><span class=\"editable\" contenteditable=\"true\" data-placeholder=\"Nombre\" data-content-id=\"name\">BlixTv<\/span> usa la informaci\u00f3n que recolectamos para los siguientes prop\u00f3sitos generales: provisi\u00f3n de productos y servicios, facturaci\u00f3n, identificaci\u00f3n y autenticaci\u00f3n, mejora de servicios, contactos e investigaci\u00f3n.<\/li>\r\n \t<li>Como parte del proceso de compra y venta de <span class=\"editable\" contenteditable=\"true\" data-placeholder=\"Nombre\" data-content-id=\"name\">BlixTv<\/span>, obtendr\u00e1s la direcci\u00f3n de correo electr\u00f3nico y\/o la direcci\u00f3n de env\u00edo de tus clientes. Al entrar a nuestro Acuerdo de Usuario, estar\u00e1s de acuerdo, con el respeto a otro usuarios que la informaci\u00f3n personal que obtengas a trav\u00e9s de <span class=\"editable\" contenteditable=\"true\" data-placeholder=\"Nombre\" data-content-id=\"name\">BlixTv<\/span> o a trav\u00e9s de <span class=\"editable\" contenteditable=\"true\" data-placeholder=\"Nombre\" data-content-id=\"name\">BlixTv<\/span> comunicaci\u00f3n relacionada o <span class=\"editable\" contenteditable=\"true\" data-placeholder=\"Nombre\" data-content-id=\"name\">BlixTv<\/span>, transacci\u00f3n facilitada, <span class=\"editable\" contenteditable=\"true\" data-placeholder=\"Nombre\" data-content-id=\"name\">BlixTv<\/span> te otorga una licencia para usar informaci\u00f3n solo para <span class=\"editable\" contenteditable=\"true\" data-placeholder=\"Nombre\" data-content-id=\"name\">BlixTv<\/span>comunicaciones relacionadas que no sean mensajes comerciales no solicitados, <span class=\"editable\" contenteditable=\"true\" data-placeholder=\"Nombre\" data-content-id=\"name\">BlixTv<\/span>. No tolera spam. Por lo tanto, sin limitar el precedente, no est\u00e1s licenciado para a\u00f1adir el nombre de alguien que ha comprado un producto a tu lista de correos (electr\u00f3nico o f\u00edsico), sin su consentimiento.<\/li>\r\n<\/ol>\r\n<blockquote>\r\n<h3>LO CUAL SIGNIFICA<\/h3>\r\nCuando te registras, t\u00fa provees informaci\u00f3n personal, la cual nosotros recolectamos y usamos. Para el proceso de pago tambi\u00e9n chequeamos la informaci\u00f3n de tu tarjeta de cr\u00e9dito. Solo usamos tu <span class=\"editable\" contenteditable=\"true\" data-placeholder=\"Nombre\" data-content-id=\"name\">BlixTv<\/span> informaci\u00f3n del cliente para <span class=\"editable\" contenteditable=\"true\" data-placeholder=\"Nombre\" data-content-id=\"name\">BlixTv<\/span> comunicaciones relacionadas, a menos que les des permiso para hacer lo contrario. No spamees a nadie.<\/blockquote>\r\n<h3>Seguridad<\/h3>\r\nLa seguridad de tu informaci\u00f3n personal es importante para nosotros. Cuando tu registras informaci\u00f3n sensible, como el n\u00famero de tarjeta de cr\u00e9dito en nuestro formulario de registro, encriptamos la transmisi\u00f3n de esa informaci\u00f3n usando una tecnolog\u00eda de capas de enchufes seguros, mejor conocida como SSL. Los detalles de las tarjetas de cr\u00e9dito son almacenados y encriptados usando encriptaci\u00f3n de AES-256. Como un d\u00f3cil proveedor de servicios de nivel 1 PCI-DSS, seguimos todos los requerimientos de PCI-DSS y los implementos adicionales generalmente aceptamos por los est\u00e1ndares de la industria para proteger la informaci\u00f3n personal que es entregada a nosotros, tanto en la transmisi\u00f3n como cuando la recibimos. Ning\u00fan m\u00e9todo de transmisi\u00f3n en la Internet, o alg\u00fan m\u00e9todo de almacenamiento electr\u00f3nico es 100% seguro. Por lo tanto, mientras luchamos por usar medios comercialmente aceptables para proteger tu informaci\u00f3n personal, no podemos garantizar su absoluta seguridad. Si tienes alguna pregunta sobre la seguridad de nuestro sitio web, puedes enviarnos un correo electr\u00f3nico a <span class=\"editable\" contenteditable=\"true\" data-placeholder=\"Email\" data-content-id=\"email\">admin@blixtv.com<\/span>.\r\n<blockquote>\r\n<h3>LO CUAL SIGNIFICA<\/h3>\r\nEncriptaremos la informaci\u00f3n de tu tarjeta de cr\u00e9dito y cualquier otra informaci\u00f3n sensible de acuerdo a los est\u00e1ndares de la industria. Como las cosas suelen pasar, no podemos garantizar una seguridad al 100% de tu informaci\u00f3n. Si tienes preguntas, env\u00edanos un correo electronic a <span class=\"editable\" contenteditable=\"true\" data-placeholder=\"Email\" data-content-id=\"email\">admin@blixtv.com<\/span>.<\/blockquote>\r\n<h3>Divulgaci\u00f3n<\/h3>\r\n<ol>\r\n \t<li><span class=\"editable\" contenteditable=\"true\" data-placeholder=\"Nombre\" data-content-id=\"name\">BlixTv<\/span> puede usar a terceros como proveedores de servicios para que provean ciertos servicios a ti, y con los cuales podemos compartir cierta informaci\u00f3n personal. Como requerimiento, le pedimos a cualquier compa\u00f1\u00eda con la que podamos compartir alguna informaci\u00f3n personal, que protejan la informaci\u00f3n de un amanera consistente con su p\u00f3liza y que limiten el uso de dicha informaci\u00f3n en el desempe\u00f1o de los servicios para <span class=\"editable\" contenteditable=\"true\" data-placeholder=\"Nombre\" data-content-id=\"name\">BlixTv<\/span>.<\/li>\r\n \t<li><span class=\"editable\" contenteditable=\"true\" data-placeholder=\"Nombre\" data-content-id=\"name\">BlixTv<\/span> puede divulger informaci\u00f3n personal bajo circunstancias personales, como para cumplir con \u00f3rdenes de la corte que requieren entregar informaci\u00f3n de ese tipo o cuando tus acciones violen los t\u00e9rminos de servicio.<\/li>\r\n \t<li>No vendemos o proveemos informaci\u00f3n personal a otras compa\u00f1\u00edas para el mercadeo de sus propios productos y servicios.<\/li>\r\n<\/ol>\r\n<blockquote>\r\n<h3>LO CUAL SIGNIFICA<\/h3>\r\nEn ciertas circunstancias, podemos divulgar tu informaci\u00f3n personal, como en \u00f3rdenes de la corte.<\/blockquote>\r\n<h3>Almacenamiento de la informaci\u00f3n del cliente<\/h3>\r\nA <span class=\"editable\" contenteditable=\"true\" data-placeholder=\"Nombre\" data-content-id=\"name\">BlixTv<\/span> le pertenece el almacenamiento de la informaci\u00f3n, las bases de datos y todos los derechos a la aplicaci\u00f3n de <span class=\"editable\" contenteditable=\"true\" data-placeholder=\"Nombre\" data-content-id=\"name\">BlixTv<\/span>. Sin embargo, no reclamamos ning\u00fan derecho sobre tu informaci\u00f3n. Todos los derechos de tu informaci\u00f3n te pertenecen y nunca contactaremos a tus clientes directamente o usaremos t\u00fa informaci\u00f3n para alguna ventaja de nuestro negocio o para competir contigo o apuntar nuestro mercado a tus clientes.\r\n<blockquote>\r\n<h3>LO CUAL SIGNIFICA<\/h3>\r\nTu informaci\u00f3n te pertenece y respetamos eso. No trataremos de competir contigo o de escribirles a tus clientes.<\/blockquote>\r\n<h3>Cookies<\/h3>\r\nUna cookie en una peque\u00f1a cantidad de informaci\u00f3n, que puede incluir un identificador an\u00f3nimo y \u00fanico. Las cookies son enviadas a tu buscador desde un sitio web y almacenadas en el disco duro de tu computadora. Toda computadora que accese a nuestro sitio web, le es asignada una cookie diferente.\r\n<h3>Remercadeo y an\u00e1lisis de Google<\/h3>\r\nUsamos un servicio proveido por Google llamado Google Analitycs (GA). GA nos permite alcanzar a la gente que ha visitado previamente nuestro sitio y ense\u00f1arles anuncios relevantes cuando visiten otro sitio en la Internet en la Google Display Network. Esto es a menudo llamado remercadeo.\r\n\r\nLas Cookies son usadas para rastrear la sesi\u00f3n de tu p\u00e1gina web, para servir anuncios personalizados de Google y otras terceras partes. Cuando visitas este sitio web, puedes ver anuncios puestos en el sitio por Google o alguna otra tercera parte. A trav\u00e9s de las cookies de primera y tercera mano, estas terceras partes pueden recolectar informaci\u00f3n sobre ti mientras visitas su sitio web y otros sitios web. Puede que usen esa informaci\u00f3n para mostrarte anuncios en este sitio web y a trav\u00e9s de toda la Internet basados en tus visitas anteriores a este sitio web y a otros en la Internet. Nosotros no recolectamos esta informaci\u00f3n o controlamos el contenido de loa anuncios que ves.\r\n<h3>Excluir<\/h3>\r\nPuede que seas capaz de excluirte de los anuncios personalizados de Google Display Network visitando el administrador de preferencias de anuncios (<a href=\"http:\/\/www.google.com\/ads\/preferences\/\">http:\/\/www.google.com\/ads\/preferences\/<\/a>), and the Google Analytics Opt-out Browser Add-on (<a href=\"http:\/\/www.google.ca\/ads\/preferences\/plugin\/\">http:\/\/www.google.ca\/ads\/preferences\/plugin\/<\/a>).\r\n\r\nTu uso de este sitio web sin excluirte significa que entiendes y est\u00e1s de acuerdo con la recolecci\u00f3n de informaci\u00f3n y de que esta te provea con los anuncios de remercadeo usando GA y cookies de una tercera parte basados en tus visitas anteriores y en otras partes de la Internet.\r\n<blockquote>\r\n<h3>LO CUAL SIGNIFICA<\/h3>\r\nPara identificarte electr\u00f3nicamente, una cookie ser\u00e1 almacenada en tu computadora. Tenemos una herramienta de remercadeo que nos permite tomar notas de tus vistas a nuestro sitio web y as\u00ed, mostrarte anuncios relevantes en nuestro sitio web y a trav\u00e9s de la Internet. Siempre puedes anular esta opci\u00f3n.<\/blockquote>\r\n<h3>PCI-DSS<\/h3>\r\nEl Payment Card Industry Data Security Standard (PCI-DSS) o el est\u00e1ndar de seguridad de informaci\u00f3n de la industria de pago de tarjetas, es un set de requerimientos de seguridad manejados por el Consejo de Est\u00e1ndares de Seguridad PCI, un esfuerzo conjunto de las marcas d epago, incluyendo Visa, MasterCard, American Express y Discover. Los requerimientos de PCI-DSS ayudan a asegurar la seguridad de dar informaci\u00f3n de tarjetas de cr\u00e9dito por parte de comerciantes y proveedores de servicios.\r\n<blockquote>\r\n<h3>LO CUAL SIGNIFICA<\/h3>\r\nUsaremos los est\u00e1ndares en seguridad de la industria, los mismos usados por las grandes compa\u00f1\u00edas de tarjetas de cr\u00e9dito, para ayudarte a mantener una segura cuenta de <span class=\"editable\" contenteditable=\"true\" data-placeholder=\"Nombre\" data-content-id=\"name\">BlixTv<\/span>.<\/blockquote>\r\n<h3>Cambios a esta Pol\u00edtica de Privacidad<\/h3>\r\nNos reservamos el derecho de modificar esta declaraci\u00f3n de privacidad en cualquier momento, por lo que debes revisarla frecuentemente, por favor. Si hacemos algunos cambios a esta pol\u00edtica, te notificaremos aqu\u00ed o a trav\u00e9s de nuestra p\u00e1gina para que seas consciente de la informaci\u00f3n que recolectamos, c\u00f3mo la usamos y bajo qu\u00e9 circunstancias, si hay algunas, decidimos divulgarla.\r\n<blockquote>\r\n<h3>LO CUAL SIGNIFICA<\/h3>\r\nPodemos cambiar esta Declaraci\u00f3n de Privacidad. Si es un gran cambio, te informaremos aqu\u00ed mismo.<\/blockquote>\r\n<h3>Preguntas<\/h3>\r\nCualquier pregunta sobre esta Pol\u00edtica de Privacidad deber\u00eda ser enviada a <span class=\"editable\" contenteditable=\"true\" data-placeholder=\"Email\" data-content-id=\"email\">admin@blixtv.com<\/span> o por correo electr\u00f3nico a:\r\n\r\n<span class=\"editable\" contenteditable=\"true\" data-placeholder=\"Direcci\u00f3n\" data-content-id=\"address\">http:\/\/blixtv.com<\/span>\r\n\r\n<hr \/>\r\n\r\n\u00daltima actualizaci\u00f3n en <span class=\"editable\" contenteditable=\"true\" data-placeholder=\"Fecha\" data-content-id=\"last_update_date\">14 de marzo de 2017<\/span>\r\n\r\n<\/div>\r\n<\/div>\r\n<div class=\"layout-wrapper layout-flex layout-flex__center tools-footer\"><\/div>","protected":false},"excerpt":{"rendered":"BlixTv Pol\u00edtica de privacidad Lo que hacemos con tu informaci\u00f3n El t\u00e9rmino \u201cinformaci\u00f3n personal\u201d como es usado aqu\u00ed, es definido como cualquier informaci\u00f3n que identifique o que pueda ser usada para identificar, contactar o localizar a la persona a la que la informaci\u00f3n pertenece. La informaci\u00f3n personal que recolectamos estar\u00e1 sujeta a esta pol\u00edtica de privacidad, y ser\u00e1 modificada cada cierto tiempo. Cuando te registras por BlixTv pedimos tu direcci\u00f3n de correo electr\u00f3nico. BlixTv usa la informaci\u00f3n que recolectamos para los siguientes prop\u00f3sitos generales: provisi\u00f3n de productos y servicios, facturaci\u00f3n,&#8230;","protected":false},"author":1,"featured_media":0,"parent":0,"menu_order":0,"comment_status":"closed","ping_status":"closed","template":"","meta":[],"_links":{"self":[{"href":"https:\/\/blixtv.com\/apps\/wp-json\/wp\/v2\/pages\/279"}],"collection":[{"href":"https:\/\/blixtv.com\/apps\/wp-json\/wp\/v2\/pages"}],"about":[{"href":"https:\/\/blixtv.com\/apps\/wp-json\/wp\/v2\/types\/page"}],"author":[{"embeddable":true,"href":"https:\/\/blixtv.com\/apps\/wp-json\/wp\/v2\/users\/1"}],"replies":[{"embeddable":true,"href":"https:\/\/blixtv.com\/apps\/wp-json\/wp\/v2\/comments?post=279"}],"version-history":[{"count":1,"href":"https:\/\/blixtv.com\/apps\/wp-json\/wp\/v2\/pages\/279\/revisions"}],"predecessor-version":[{"id":280,"href":"https:\/\/blixtv.com\/apps\/wp-json\/wp\/v2\/pages\/279\/revisions\/280"}],"wp:attachment":[{"href":"https:\/\/blixtv.com\/apps\/wp-json\/wp\/v2\/media?parent=279"}],"curies":[{"name":"wp","href":"https:\/\/api.w.org\/{rel}","templated":true}]}}